{"id":330,"date":"2022-05-27T10:15:43","date_gmt":"2022-05-27T10:15:43","guid":{"rendered":"https:\/\/fdp-neuhausen.ch\/?page_id=330"},"modified":"2026-01-22T08:49:43","modified_gmt":"2026-01-22T08:49:43","slug":"agenda","status":"publish","type":"page","link":"https:\/\/fdp-neuhausen.ch\/index.php\/agenda\/","title":{"rendered":"Agenda"},"content":{"rendered":"\t\t<div data-elementor-type=\"wp-page\" data-elementor-id=\"330\" class=\"elementor elementor-330\">\n\t\t\t\t\t\t<section class=\"elementor-section elementor-top-section elementor-element elementor-element-6a206f23 elementor-section-boxed elementor-section-height-default elementor-section-height-default\" data-id=\"6a206f23\" data-element_type=\"section\" data-e-type=\"section\">\n\t\t\t\t\t\t<div class=\"elementor-container elementor-column-gap-default\">\n\t\t\t\t\t<div class=\"elementor-column elementor-col-100 elementor-top-column elementor-element elementor-element-3c9dd61b\" data-id=\"3c9dd61b\" data-element_type=\"column\" data-e-type=\"column\">\n\t\t\t<div class=\"elementor-widget-wrap elementor-element-populated\">\n\t\t\t\t\t\t<div class=\"elementor-element elementor-element-46b4886 elementor-widget elementor-widget-text-editor\" data-id=\"46b4886\" data-element_type=\"widget\" data-e-type=\"widget\" data-widget_type=\"text-editor.default\">\n\t\t\t\t<div class=\"elementor-widget-container\">\n\t\t\t\t\t\t\t\t\t<figure>\n<table>\n<tbody style=\"font-size: 14px;\">\n<tr style=\"font-size: 14px;\">\n<td><strong>Datum<\/strong><\/td>\n<td><strong>Anlass<\/strong><\/td>\n<td><strong>Ort<\/strong><\/td>\n<\/tr>\n<tr>\n<td>Di. 17. Februar 2026, 18:30 Uhr<\/td>\n<td><strong>Vorstandssitzung FDP Neuhausen am Rheinfall<\/strong><\/td>\n<td>Quartierhaus Liebenfels,\nBuchenstr. 85a<\/td>\n<\/tr>\n<tr>\n<td>Do. 26. Februar 2026, 18:00 Uhr<\/td>\n<td><span style=\"font-variant-ligatures: normal; font-variant-caps: normal; font-family: Roboto, sans-serif; font-size: 14px; font-style: normal; font-weight: 600;\">\u00d6ffentliche FDP-Einwohnerrats-Fraktionssitzung<\/span><\/td>\n<td><span style=\"font-family: Roboto, sans-serif; font-size: 14px; font-style: normal; font-variant-ligatures: normal; font-variant-caps: normal; font-weight: 400;\">Quartierhaus Liebenfels,<\/span>\n<span style=\"font-family: Roboto, sans-serif; font-size: 14px; font-style: normal; font-variant-ligatures: normal; font-variant-caps: normal; font-weight: 400;\">Buchenstr. 85a<\/span><\/td>\n<\/tr>\n<tr>\n<td>Do. 5. M\u00e4rz 2026, 19:00 Uhr<\/td>\n<td><strong>\u00d6ffentliche\u00a0<\/strong><span style=\"font-variant-ligatures: normal; font-variant-caps: normal; font-family: Roboto, sans-serif; font-size: 14px; font-style: normal; font-weight: 600;\">Einwohnerratssitzung<\/span><\/td>\n<td><span style=\"font-family: Roboto, sans-serif; font-size: 14px; font-style: normal; font-variant-ligatures: normal; font-variant-caps: normal; font-weight: 400;\">Schulhaus Kirchacker, Aula im Neubau<\/span><\/td>\n<\/tr>\n<tr>\n<td>Do. 2. April 2026, 18:00 Uhr<\/td>\n<td><span style=\"font-family: Roboto, sans-serif; font-size: 14px; font-style: normal; font-variant-ligatures: normal; font-variant-caps: normal; font-weight: 600;\">\u00d6ffentliche FDP-Einwohnerrats-Fraktionssitzung<\/span><\/td>\n<td>Ort noch offen<\/td>\n<\/tr>\n<tr>\n<td>Do. 9. April 2026, 19:00 Uhr<\/td>\n<td><span style=\"font-variant-ligatures: normal; font-variant-caps: normal; font-family: Roboto, sans-serif; font-size: 14px; font-style: normal; font-weight: 600;\">\u00d6ffentliche\u00a0<\/span><span style=\"font-variant-ligatures: normal; font-variant-caps: normal; font-family: Roboto, sans-serif; font-size: 14px; font-style: normal; font-weight: 600;\">Einwohnerratssitzung<\/span><\/td>\n<td><span style=\"font-family: Roboto, sans-serif; font-size: 14px; font-style: normal; font-variant-ligatures: normal; font-variant-caps: normal; font-weight: 400;\">Schulhaus Kirchacker, Aula im Neubau<\/span><\/td>\n<\/tr>\n<tr>\n<td><span style=\"font-family: Roboto, sans-serif; font-size: 14px; font-style: normal; font-variant-ligatures: normal; font-variant-caps: normal; font-weight: 400;\">Datum noch offen<\/span><\/td>\n<td><span style=\"font-family: Roboto, sans-serif; font-size: 14px; font-style: normal; font-variant-ligatures: normal; font-variant-caps: normal; font-weight: 600;\">\u00d6ffentliche FDP-Einwohnerrats-Fraktionssitzung<\/span><\/td>\n<td>Ort noch offen<\/td>\n<\/tr>\n<tr>\n<td><span style=\"font-family: Roboto, sans-serif; font-size: 14px; font-style: normal; font-variant-ligatures: normal; font-variant-caps: normal; font-weight: 400;\">Do. 7. Mai 2026, 19:00 Uhr<\/span><\/td>\n<td><span style=\"font-variant-ligatures: normal; font-variant-caps: normal; font-family: Roboto, sans-serif; font-size: 14px; font-style: normal; font-weight: 600;\">\u00d6ffentliche\u00a0<\/span><span style=\"font-variant-ligatures: normal; font-variant-caps: normal; font-family: Roboto, sans-serif; font-size: 14px; font-style: normal; font-weight: 600;\">Einwohnerratssitzung<\/span><\/td>\n<td><span style=\"font-family: Roboto, sans-serif; font-size: 14px; font-style: normal; font-variant-ligatures: normal; font-variant-caps: normal; font-weight: 400;\">Schulhaus Kirchacker, Aula im Neubau<\/span><\/td>\n<\/tr>\n<tr>\n<td><span style=\"font-family: Roboto, sans-serif; font-size: 14px; font-style: normal; font-variant-ligatures: normal; font-variant-caps: normal; font-weight: 400;\">Do. 4. Juni 2026, 18:00 Uhr<\/span><\/td>\n<td><span style=\"font-family: Roboto, sans-serif; font-size: 14px; font-style: normal; font-variant-ligatures: normal; font-variant-caps: normal; font-weight: 600;\">\u00d6ffentliche FDP-Einwohnerrats-Fraktionssitzung<\/span><\/td>\n<td>Ort noch offen<\/td>\n<\/tr>\n<tr>\n<td><span style=\"font-family: Roboto, sans-serif; font-size: 14px; font-style: normal; font-variant-ligatures: normal; font-variant-caps: normal; font-weight: 400;\">Do. 11. Juni 2026, 19:00 Uhr<\/span><\/td>\n<td><span style=\"font-variant-ligatures: normal; font-variant-caps: normal; font-family: Roboto, sans-serif; font-size: 14px; font-style: normal; font-weight: 600;\">\u00d6ffentliche\u00a0<\/span><span style=\"font-variant-ligatures: normal; font-variant-caps: normal; font-family: Roboto, sans-serif; font-size: 14px; font-style: normal; font-weight: 600;\">Einwohnerratssitzung<\/span><\/td>\n<td><span style=\"font-family: Roboto, sans-serif; font-size: 14px; font-style: normal; font-variant-ligatures: normal; font-variant-caps: normal; font-weight: 400;\">Schulhaus Kirchacker, Aula im Neubau<\/span><\/td>\n<\/tr>\n<tr>\n<td><span style=\"font-family: Roboto, sans-serif; font-size: 14px; font-style: normal; font-variant-ligatures: normal; font-variant-caps: normal; font-weight: 400;\">Do. 25. Juni 2026, 18:00 Uhr<\/span><\/td>\n<td><span style=\"font-family: Roboto, sans-serif; font-size: 14px; font-style: normal; font-variant-ligatures: normal; font-variant-caps: normal; font-weight: 600;\">\u00d6ffentliche FDP-Einwohnerrats-Fraktionssitzung<\/span><\/td>\n<td>Ort noch offen<\/td>\n<\/tr>\n<tr>\n<td><span style=\"font-family: Roboto, sans-serif; font-size: 14px; font-style: normal; font-variant-ligatures: normal; font-variant-caps: normal; font-weight: 400;\">Do. 2. Juli 2026, 19:00 Uhr<\/span><\/td>\n<td><span style=\"font-variant-ligatures: normal; font-variant-caps: normal; font-family: Roboto, sans-serif; font-size: 14px; font-style: normal; font-weight: 600;\">\u00d6ffentliche\u00a0<\/span><span style=\"font-variant-ligatures: normal; font-variant-caps: normal; font-family: Roboto, sans-serif; font-size: 14px; font-style: normal; font-weight: 600;\">Einwohnerratssitzung<\/span><\/td>\n<td><span style=\"font-family: Roboto, sans-serif; font-size: 14px; font-style: normal; font-variant-ligatures: normal; font-variant-caps: normal; font-weight: 400;\">Schulhaus Kirchacker, Aula im Neubau<\/span><\/td>\n<\/tr>\n<tr>\n<td><span style=\"font-family: Roboto, sans-serif; font-size: 14px; font-style: normal; font-variant-ligatures: normal; font-variant-caps: normal; font-weight: 400;\">Do. 20. August 2026, 18:00 Uhr<\/span><\/td>\n<td><span style=\"font-family: Roboto, sans-serif; font-size: 14px; font-style: normal; font-variant-ligatures: normal; font-variant-caps: normal; font-weight: 600;\">\u00d6ffentliche FDP-Einwohnerrats-Fraktionssitzung<\/span><\/td>\n<td>Ort noch offen<\/td>\n<\/tr>\n<tr>\n<td><span style=\"font-family: Roboto, sans-serif; font-size: 14px; font-style: normal; font-variant-ligatures: normal; font-variant-caps: normal; font-weight: 400;\">Do. 27. August 2026, 19:00 Uhr<\/span><\/td>\n<td><span style=\"font-variant-ligatures: normal; font-variant-caps: normal; font-family: Roboto, sans-serif; font-size: 14px; font-style: normal; font-weight: 600;\">\u00d6ffentliche\u00a0<\/span><span style=\"font-variant-ligatures: normal; font-variant-caps: normal; font-family: Roboto, sans-serif; font-size: 14px; font-style: normal; font-weight: 600;\">Einwohnerratssitzung<\/span><\/td>\n<td><span style=\"font-family: Roboto, sans-serif; font-size: 14px; font-style: normal; font-variant-ligatures: normal; font-variant-caps: normal; font-weight: 400;\">Schulhaus Kirchacker, Aula im Neubau<\/span><\/td>\n<\/tr>\n<tr>\n<td><span style=\"font-family: Roboto, sans-serif; font-size: 14px; font-style: normal; font-variant-ligatures: normal; font-variant-caps: normal; font-weight: 400;\">Do. 17. September 2026, 18:00 Uhr<\/span><\/td>\n<td><span style=\"font-family: Roboto, sans-serif; font-size: 14px; font-style: normal; font-variant-ligatures: normal; font-variant-caps: normal; font-weight: 600;\">\u00d6ffentliche FDP-Einwohnerrats-Fraktionssitzung<\/span><\/td>\n<td>Ort noch offen<\/td>\n<\/tr>\n<tr>\n<td><span style=\"font-family: Roboto, sans-serif; font-size: 14px; font-style: normal; font-variant-ligatures: normal; font-variant-caps: normal; font-weight: 400;\">Do. 24. September 2026, 19:00 Uhr<\/span><\/td>\n<td><span style=\"font-variant-ligatures: normal; font-variant-caps: normal; font-family: Roboto, sans-serif; font-size: 14px; font-style: normal; font-weight: 600;\">\u00d6ffentliche\u00a0<\/span><span style=\"font-variant-ligatures: normal; font-variant-caps: normal; font-family: Roboto, sans-serif; font-size: 14px; font-style: normal; font-weight: 600;\">Einwohnerratssitzung<\/span><\/td>\n<td><span style=\"font-family: Roboto, sans-serif; font-size: 14px; font-style: normal; font-variant-ligatures: normal; font-variant-caps: normal; font-weight: 400;\">Schulhaus Kirchacker, Aula im Neubau<\/span><\/td>\n<\/tr>\n<tr>\n<td><span style=\"font-family: Roboto, sans-serif; font-size: 14px; font-style: normal; font-variant-ligatures: normal; font-variant-caps: normal; font-weight: 400;\">Do. 29. Oktober 2026, 18:00 Uhr<\/span><\/td>\n<td><span style=\"font-family: Roboto, sans-serif; font-size: 14px; font-style: normal; font-variant-ligatures: normal; font-variant-caps: normal; font-weight: 600;\">\u00d6ffentliche FDP-Einwohnerrats-Fraktionssitzung<\/span><\/td>\n<td>Ort noch offen<\/td>\n<\/tr>\n<tr>\n<td><span style=\"font-family: Roboto, sans-serif; font-size: 14px; font-style: normal; font-variant-ligatures: normal; font-variant-caps: normal; font-weight: 400;\">Do. 5. November 2026, 18:00 Uhr<\/span><\/td>\n<td><span style=\"font-variant-ligatures: normal; font-variant-caps: normal; font-family: Roboto, sans-serif; font-size: 14px; font-style: normal; font-weight: 600;\">\u00d6ffentliche\u00a0<\/span><span style=\"font-variant-ligatures: normal; font-variant-caps: normal; font-family: Roboto, sans-serif; font-size: 14px; font-style: normal; font-weight: 600;\">Einwohnerratssitzung<\/span><\/td>\n<td><span style=\"font-family: Roboto, sans-serif; font-size: 14px; font-style: normal; font-variant-ligatures: normal; font-variant-caps: normal; font-weight: 400;\">Schulhaus Kirchacker, Aula im Neubau<\/span><\/td>\n<\/tr>\n<tr>\n<td><span style=\"font-family: Roboto, sans-serif; font-size: 14px; font-style: normal; font-variant-ligatures: normal; font-variant-caps: normal; font-weight: 400;\">Do. 3. Dezember 2026, 18:00 Uhr<\/span><\/td>\n<td><span style=\"font-family: Roboto, sans-serif; font-size: 14px; font-style: normal; font-variant-ligatures: normal; font-variant-caps: normal; font-weight: 600;\">\u00d6ffentliche FDP-Einwohnerrats-Fraktionssitzung<\/span><\/td>\n<td>Ort noch offen<\/td>\n<\/tr>\n<tr>\n<td><span style=\"font-family: Roboto, sans-serif; font-size: 14px; font-style: normal; font-variant-ligatures: normal; font-variant-caps: normal; font-weight: 400;\">Do. 10. Dezember 2026, 19:00 Uhr<\/span><\/td>\n<td><span style=\"font-variant-ligatures: normal; font-variant-caps: normal; font-family: Roboto, sans-serif; font-size: 14px; font-style: normal; font-weight: 600;\">\u00d6ffentliche\u00a0<\/span><span style=\"font-variant-ligatures: normal; font-variant-caps: normal; font-family: Roboto, sans-serif; font-size: 14px; font-style: normal; font-weight: 600;\">Einwohnerratssitzung<\/span><\/td>\n<td><span style=\"font-family: Roboto, sans-serif; font-size: 14px; font-style: normal; font-variant-ligatures: normal; font-variant-caps: normal; font-weight: 400;\">Schulhaus Kirchacker, Aula im Neubau<\/span><\/td>\n<\/tr>\n\n<\/tbody>\n<\/table>\n<\/figure>\t\t\t\t\t\t\t\t<\/div>\n\t\t\t\t<\/div>\n\t\t\t\t\t<\/div>\n\t\t<\/div>\n\t\t\t\t\t<\/div>\n\t\t<\/section>\n\t\t\t\t<\/div>\n\t\t","protected":false},"excerpt":{"rendered":"<p>Datum Anlass Ort Di. 17. Februar 2026, 18:30 Uhr Vorstandssitzung FDP Neuhausen am Rheinfall Quartierhaus Liebenfels, Buchenstr. 85a Do. 26. Februar 2026, 18:00 Uhr \u00d6ffentliche FDP-Einwohnerrats-Fraktionssitzung Quartierhaus Liebenfels, Buchenstr. 85a Do. 5. M\u00e4rz 2026, 19:00 Uhr \u00d6ffentliche\u00a0Einwohnerratssitzung Schulhaus Kirchacker, Aula im Neubau Do. 2. April 2026, 18:00 Uhr \u00d6ffentliche FDP-Einwohnerrats-Fraktionssitzung Ort noch offen Do. 9. [&hellip;]<\/p>\n","protected":false},"author":3,"featured_media":0,"parent":0,"menu_order":0,"comment_status":"closed","ping_status":"closed","template":"","meta":{"footnotes":""},"class_list":["post-330","page","type-page","status-publish","hentry","entry"],"_links":{"self":[{"href":"https:\/\/fdp-neuhausen.ch\/index.php\/wp-json\/wp\/v2\/pages\/330","targetHints":{"allow":["GET"]}}],"collection":[{"href":"https:\/\/fdp-neuhausen.ch\/index.php\/wp-json\/wp\/v2\/pages"}],"about":[{"href":"https:\/\/fdp-neuhausen.ch\/index.php\/wp-json\/wp\/v2\/types\/page"}],"author":[{"embeddable":true,"href":"https:\/\/fdp-neuhausen.ch\/index.php\/wp-json\/wp\/v2\/users\/3"}],"replies":[{"embeddable":true,"href":"https:\/\/fdp-neuhausen.ch\/index.php\/wp-json\/wp\/v2\/comments?post=330"}],"version-history":[{"count":156,"href":"https:\/\/fdp-neuhausen.ch\/index.php\/wp-json\/wp\/v2\/pages\/330\/revisions"}],"predecessor-version":[{"id":2971,"href":"https:\/\/fdp-neuhausen.ch\/index.php\/wp-json\/wp\/v2\/pages\/330\/revisions\/2971"}],"wp:attachment":[{"href":"https:\/\/fdp-neuhausen.ch\/index.php\/wp-json\/wp\/v2\/media?parent=330"}],"curies":[{"name":"wp","href":"https:\/\/api.w.org\/{rel}","templated":true}]}}