{"id":53,"date":"2021-05-24T12:44:09","date_gmt":"2021-05-24T12:44:09","guid":{"rendered":"https:\/\/web132.sr101.firestorm.ch\/?page_id=53"},"modified":"2021-05-24T13:17:51","modified_gmt":"2021-05-24T13:17:51","slug":"personen","status":"publish","type":"page","link":"https:\/\/fdp-neuhausen.ch\/index.php\/personen\/","title":{"rendered":"Personen"},"content":{"rendered":"\n<p>Wichtige Personen und Amtstr\u00e4ger der FDP Neuhausen<\/p>\n\n\n\n<p><a href=\"https:\/\/fdp-neuhausen.ch\/index.php\/personen\/gemeindeebene\/\" data-type=\"page\" data-id=\"56\">Amtstr\u00e4ger auf Gemeindeebene<\/a><\/p>\n\n\n\n<p><a href=\"https:\/\/fdp-neuhausen.ch\/index.php\/personen\/kantonsebene\/\" data-type=\"page\" data-id=\"62\">Amtstr\u00e4ger auf Kantonsebene<\/a><\/p>\n\n\n\n<p><a href=\"https:\/\/fdp-neuhausen.ch\/index.php\/personen\/elementor-29\/\" data-type=\"page\" data-id=\"29\">Vorstand der Partei<\/a><\/p>\n\n\n\n<p>Vor Wahlen zus\u00e4tzlich <a href=\"https:\/\/fdp-neuhausen.ch\/index.php\/personen\/kandidierende\/\" data-type=\"page\" data-id=\"67\">Kandidierende<\/a> auf \u00c4mter<\/p>\n","protected":false},"excerpt":{"rendered":"<p>Wichtige Personen und Amtstr\u00e4ger der FDP Neuhausen Amtstr\u00e4ger auf Gemeindeebene Amtstr\u00e4ger auf Kantonsebene Vorstand der Partei Vor Wahlen zus\u00e4tzlich Kandidierende auf \u00c4mter<\/p>\n","protected":false},"author":1,"featured_media":0,"parent":0,"menu_order":0,"comment_status":"closed","ping_status":"closed","template":"","meta":{"footnotes":""},"class_list":["post-53","page","type-page","status-publish","hentry","entry"],"_links":{"self":[{"href":"https:\/\/fdp-neuhausen.ch\/index.php\/wp-json\/wp\/v2\/pages\/53","targetHints":{"allow":["GET"]}}],"collection":[{"href":"https:\/\/fdp-neuhausen.ch\/index.php\/wp-json\/wp\/v2\/pages"}],"about":[{"href":"https:\/\/fdp-neuhausen.ch\/index.php\/wp-json\/wp\/v2\/types\/page"}],"author":[{"embeddable":true,"href":"https:\/\/fdp-neuhausen.ch\/index.php\/wp-json\/wp\/v2\/users\/1"}],"replies":[{"embeddable":true,"href":"https:\/\/fdp-neuhausen.ch\/index.php\/wp-json\/wp\/v2\/comments?post=53"}],"version-history":[{"count":3,"href":"https:\/\/fdp-neuhausen.ch\/index.php\/wp-json\/wp\/v2\/pages\/53\/revisions"}],"predecessor-version":[{"id":72,"href":"https:\/\/fdp-neuhausen.ch\/index.php\/wp-json\/wp\/v2\/pages\/53\/revisions\/72"}],"wp:attachment":[{"href":"https:\/\/fdp-neuhausen.ch\/index.php\/wp-json\/wp\/v2\/media?parent=53"}],"curies":[{"name":"wp","href":"https:\/\/api.w.org\/{rel}","templated":true}]}}