{"id":62,"date":"2021-05-24T13:04:19","date_gmt":"2021-05-24T13:04:19","guid":{"rendered":"https:\/\/web132.sr101.firestorm.ch\/?page_id=62"},"modified":"2025-02-13T17:11:56","modified_gmt":"2025-02-13T17:11:56","slug":"kantonsebene","status":"publish","type":"page","link":"https:\/\/fdp-neuhausen.ch\/index.php\/personen\/kantonsebene\/","title":{"rendered":"Kantonsebene"},"content":{"rendered":"\t\t<div data-elementor-type=\"wp-page\" data-elementor-id=\"62\" class=\"elementor elementor-62\">\n\t\t\t\t\t\t<section class=\"elementor-section elementor-top-section elementor-element elementor-element-75b33bb elementor-section-boxed elementor-section-height-default elementor-section-height-default\" data-id=\"75b33bb\" data-element_type=\"section\" data-e-type=\"section\">\n\t\t\t\t\t\t<div class=\"elementor-container elementor-column-gap-default\">\n\t\t\t\t\t<div class=\"elementor-column elementor-col-100 elementor-top-column elementor-element elementor-element-4803749\" data-id=\"4803749\" data-element_type=\"column\" data-e-type=\"column\">\n\t\t\t<div class=\"elementor-widget-wrap elementor-element-populated\">\n\t\t\t\t\t\t<div class=\"elementor-element elementor-element-8ef2ed6 elementor-widget elementor-widget-heading\" data-id=\"8ef2ed6\" data-element_type=\"widget\" data-e-type=\"widget\" data-widget_type=\"heading.default\">\n\t\t\t\t<div class=\"elementor-widget-container\">\n\t\t\t\t\t<h1 class=\"elementor-heading-title elementor-size-default\">Amtstr\u00e4ger Kantonsebene<\/h1>\t\t\t\t<\/div>\n\t\t\t\t<\/div>\n\t\t\t\t\t<\/div>\n\t\t<\/div>\n\t\t\t\t\t<\/div>\n\t\t<\/section>\n\t\t\t\t<section class=\"elementor-section elementor-top-section elementor-element elementor-element-bb2308f elementor-section-boxed elementor-section-height-default elementor-section-height-default\" data-id=\"bb2308f\" data-element_type=\"section\" data-e-type=\"section\">\n\t\t\t\t\t\t<div class=\"elementor-container elementor-column-gap-default\">\n\t\t\t\t\t<div class=\"elementor-column elementor-col-100 elementor-top-column elementor-element elementor-element-1b6c065\" data-id=\"1b6c065\" data-element_type=\"column\" data-e-type=\"column\">\n\t\t\t<div class=\"elementor-widget-wrap elementor-element-populated\">\n\t\t\t\t\t\t<section class=\"elementor-section elementor-inner-section elementor-element elementor-element-dcc774f elementor-section-boxed elementor-section-height-default elementor-section-height-default\" data-id=\"dcc774f\" data-element_type=\"section\" data-e-type=\"section\">\n\t\t\t\t\t\t<div class=\"elementor-container elementor-column-gap-default\">\n\t\t\t\t\t<div class=\"elementor-column elementor-col-50 elementor-inner-column elementor-element elementor-element-4d637d1\" data-id=\"4d637d1\" data-element_type=\"column\" data-e-type=\"column\">\n\t\t\t<div class=\"elementor-widget-wrap elementor-element-populated\">\n\t\t\t\t\t\t<div class=\"elementor-element elementor-element-b89672a elementor-widget elementor-widget-heading\" data-id=\"b89672a\" data-element_type=\"widget\" data-e-type=\"widget\" data-widget_type=\"heading.default\">\n\t\t\t\t<div class=\"elementor-widget-container\">\n\t\t\t\t\t<h2 class=\"elementor-heading-title elementor-size-default\">Regierungsrat<\/h2>\t\t\t\t<\/div>\n\t\t\t\t<\/div>\n\t\t\t\t<div class=\"elementor-element elementor-element-28e136e elementor-widget elementor-widget-image\" data-id=\"28e136e\" data-element_type=\"widget\" data-e-type=\"widget\" data-widget_type=\"image.default\">\n\t\t\t\t<div class=\"elementor-widget-container\">\n\t\t\t\t\t\t\t\t\t\t\t\t\t\t\t<img decoding=\"async\" src=\"https:\/\/fdp-neuhausen.ch\/wp-content\/uploads\/elementor\/thumbs\/Neuhausen_Marcel_Montanari_RGB-e1735492367206-qz8bsa7ghgtcgnvqsh0vqgfd6jmlob6r1ul5r7vvww.jpg\" title=\"Neuhausen_Marcel_Montanari_RGB\" alt=\"Neuhausen_Marcel_Montanari_RGB\" loading=\"lazy\" \/>\t\t\t\t\t\t\t\t\t\t\t\t\t\t\t<\/div>\n\t\t\t\t<\/div>\n\t\t\t\t<div class=\"elementor-element elementor-element-40a3c3d elementor-widget elementor-widget-text-editor\" data-id=\"40a3c3d\" data-element_type=\"widget\" data-e-type=\"widget\" data-widget_type=\"text-editor.default\">\n\t\t\t\t<div class=\"elementor-widget-container\">\n\t\t\t\t\t\t\t\t\t<p><b>Marcel Montanari<br \/><\/b><span style=\"font-size: 14px; color: var( --e-global-color-text );\">im Amt seit 2025<\/span><\/p>\t\t\t\t\t\t\t\t<\/div>\n\t\t\t\t<\/div>\n\t\t\t\t\t<\/div>\n\t\t<\/div>\n\t\t\t\t<div class=\"elementor-column elementor-col-50 elementor-inner-column elementor-element elementor-element-7fe5a3d\" data-id=\"7fe5a3d\" data-element_type=\"column\" data-e-type=\"column\">\n\t\t\t<div class=\"elementor-widget-wrap elementor-element-populated\">\n\t\t\t\t\t\t<div class=\"elementor-element elementor-element-1b72c6a elementor-widget elementor-widget-heading\" data-id=\"1b72c6a\" data-element_type=\"widget\" data-e-type=\"widget\" data-widget_type=\"heading.default\">\n\t\t\t\t<div class=\"elementor-widget-container\">\n\t\t\t\t\t<h2 class=\"elementor-heading-title elementor-size-default\">Kantonsrat<\/h2>\t\t\t\t<\/div>\n\t\t\t\t<\/div>\n\t\t\t\t<div class=\"elementor-element elementor-element-cad04fa elementor-widget elementor-widget-image\" data-id=\"cad04fa\" data-element_type=\"widget\" data-e-type=\"widget\" data-widget_type=\"image.default\">\n\t\t\t\t<div class=\"elementor-widget-container\">\n\t\t\t\t\t\t\t\t\t\t\t\t\t\t\t<img fetchpriority=\"high\" decoding=\"async\" width=\"768\" height=\"905\" src=\"https:\/\/fdp-neuhausen.ch\/wp-content\/uploads\/2024\/08\/Neuhausen_Nina_Schaerrer_freigestellt_rgb-scaled-e1724693282455-768x905.jpg\" class=\"attachment-medium_large size-medium_large wp-image-1051\" alt=\"\" \/>\t\t\t\t\t\t\t\t\t\t\t\t\t\t\t<\/div>\n\t\t\t\t<\/div>\n\t\t\t\t<div class=\"elementor-element elementor-element-182f178 elementor-widget elementor-widget-text-editor\" data-id=\"182f178\" data-element_type=\"widget\" data-e-type=\"widget\" data-widget_type=\"text-editor.default\">\n\t\t\t\t<div class=\"elementor-widget-container\">\n\t\t\t\t\t\t\t\t\t<p><span style=\"font-size: 14px; color: var( --e-global-color-text );\"><b>Nina Sch\u00e4rrer<br \/><\/b>im Amt Seit 2025<\/span><\/p>\t\t\t\t\t\t\t\t<\/div>\n\t\t\t\t<\/div>\n\t\t\t\t\t<\/div>\n\t\t<\/div>\n\t\t\t\t\t<\/div>\n\t\t<\/section>\n\t\t\t\t\t<\/div>\n\t\t<\/div>\n\t\t\t\t\t<\/div>\n\t\t<\/section>\n\t\t\t\t<section class=\"elementor-section elementor-top-section elementor-element elementor-element-84d74e2 elementor-section-boxed elementor-section-height-default elementor-section-height-default\" data-id=\"84d74e2\" data-element_type=\"section\" data-e-type=\"section\">\n\t\t\t\t\t\t<div class=\"elementor-container elementor-column-gap-default\">\n\t\t\t\t\t<div class=\"elementor-column elementor-col-100 elementor-top-column elementor-element elementor-element-9edb2da\" data-id=\"9edb2da\" data-element_type=\"column\" data-e-type=\"column\">\n\t\t\t<div class=\"elementor-widget-wrap elementor-element-populated\">\n\t\t\t\t\t\t<div class=\"elementor-element elementor-element-b3c6ee3 elementor-widget elementor-widget-heading\" data-id=\"b3c6ee3\" data-element_type=\"widget\" data-e-type=\"widget\" data-widget_type=\"heading.default\">\n\t\t\t\t<div class=\"elementor-widget-container\">\n\t\t\t\t\t<h2 class=\"elementor-heading-title elementor-size-default\">Vertreter:innen in kantonalen Kommissionen<\/h2>\t\t\t\t<\/div>\n\t\t\t\t<\/div>\n\t\t\t\t\t<\/div>\n\t\t<\/div>\n\t\t\t\t\t<\/div>\n\t\t<\/section>\n\t\t\t\t<section class=\"elementor-section elementor-top-section elementor-element elementor-element-5e6c54a elementor-section-boxed elementor-section-height-default elementor-section-height-default\" data-id=\"5e6c54a\" data-element_type=\"section\" data-e-type=\"section\">\n\t\t\t\t\t\t<div class=\"elementor-container elementor-column-gap-default\">\n\t\t\t\t\t<div class=\"elementor-column elementor-col-100 elementor-top-column elementor-element elementor-element-880faed\" data-id=\"880faed\" data-element_type=\"column\" data-e-type=\"column\">\n\t\t\t<div class=\"elementor-widget-wrap elementor-element-populated\">\n\t\t\t\t\t\t<div class=\"elementor-element elementor-element-a38d6c3 elementor-widget elementor-widget-text-editor\" data-id=\"a38d6c3\" data-element_type=\"widget\" data-e-type=\"widget\" data-widget_type=\"text-editor.default\">\n\t\t\t\t<div class=\"elementor-widget-container\">\n\t\t\t\t\t\t\t\t\t<p><strong>Nina Sch\u00e4rrer: Mitglied\u00a0der <a href=\"https:\/\/sh.ch\/CMS\/Webseite\/Kanton-Schaffhausen\/Beh-rde\/Parlament\/Der-Kantonsrat\/Kommission-f-r-Bau--Verkehr-und-Energie-15949398-DE.html\" target=\"_blank\" rel=\"noopener\">Kommission f\u00fcr Bau, Verkehr und Energie<\/a><\/strong><\/p><p>Die Kommission f\u00fcr Bau, Verkehr und Energie ist f\u00fcr die Pr\u00fcfung und Vorberatung der Vorlagen und Gesch\u00e4fte aus dem Bau-, Verkehrs- und Energiebereich zust\u00e4ndig.<\/p>\t\t\t\t\t\t\t\t<\/div>\n\t\t\t\t<\/div>\n\t\t\t\t\t<\/div>\n\t\t<\/div>\n\t\t\t\t\t<\/div>\n\t\t<\/section>\n\t\t\t\t<\/div>\n\t\t","protected":false},"excerpt":{"rendered":"<p>Amtstr\u00e4ger Kantonsebene Regierungsrat Marcel Montanariim Amt seit 2025 Kantonsrat Nina Sch\u00e4rrerim Amt Seit 2025 Vertreter:innen in kantonalen Kommissionen Nina Sch\u00e4rrer: Mitglied\u00a0der Kommission f\u00fcr Bau, Verkehr und Energie Die Kommission f\u00fcr Bau, Verkehr und Energie ist f\u00fcr die Pr\u00fcfung und Vorberatung der Vorlagen und Gesch\u00e4fte aus dem Bau-, Verkehrs- und Energiebereich zust\u00e4ndig.<\/p>\n","protected":false},"author":1,"featured_media":0,"parent":53,"menu_order":0,"comment_status":"closed","ping_status":"closed","template":"","meta":{"footnotes":""},"class_list":["post-62","page","type-page","status-publish","hentry","entry"],"_links":{"self":[{"href":"https:\/\/fdp-neuhausen.ch\/index.php\/wp-json\/wp\/v2\/pages\/62","targetHints":{"allow":["GET"]}}],"collection":[{"href":"https:\/\/fdp-neuhausen.ch\/index.php\/wp-json\/wp\/v2\/pages"}],"about":[{"href":"https:\/\/fdp-neuhausen.ch\/index.php\/wp-json\/wp\/v2\/types\/page"}],"author":[{"embeddable":true,"href":"https:\/\/fdp-neuhausen.ch\/index.php\/wp-json\/wp\/v2\/users\/1"}],"replies":[{"embeddable":true,"href":"https:\/\/fdp-neuhausen.ch\/index.php\/wp-json\/wp\/v2\/comments?post=62"}],"version-history":[{"count":36,"href":"https:\/\/fdp-neuhausen.ch\/index.php\/wp-json\/wp\/v2\/pages\/62\/revisions"}],"predecessor-version":[{"id":2262,"href":"https:\/\/fdp-neuhausen.ch\/index.php\/wp-json\/wp\/v2\/pages\/62\/revisions\/2262"}],"up":[{"embeddable":true,"href":"https:\/\/fdp-neuhausen.ch\/index.php\/wp-json\/wp\/v2\/pages\/53"}],"wp:attachment":[{"href":"https:\/\/fdp-neuhausen.ch\/index.php\/wp-json\/wp\/v2\/media?parent=62"}],"curies":[{"name":"wp","href":"https:\/\/api.w.org\/{rel}","templated":true}]}}